{"id":211,"date":"2017-11-19T08:04:23","date_gmt":"2017-11-19T08:04:23","guid":{"rendered":"http:\/\/demo.mysterythemes.com\/scholarship\/?page_id=7"},"modified":"2022-09-01T02:58:45","modified_gmt":"2022-09-01T02:58:45","slug":"about","status":"publish","type":"page","link":"https:\/\/institutoandresbello.edu.ar\/bello\/about\/","title":{"rendered":"Instituto"},"content":{"rendered":"<h3 style=\"text-align: center;\"><span style=\"color: #000000;\"><strong>El objetivo de nuestra Instituci\u00f3n para nuestros alumnos:<\/strong><\/span><\/h3>\n<h3 style=\"text-align: center;\"><span style=\"color: #000000;\"><strong>Nos proponemos educarlos para el ejercicio de su libertad,\u00a0 conocedores\u00a0 no\u00a0 s\u00f3lo\u00a0 de\u00a0 sus DERECHOS sino, tambi\u00e9n de sus OBLIGACIONES.<\/strong><\/span><\/h3>\n<h3 style=\"text-align: center;\"><span style=\"color: #000000;\"><strong>Queremos formar Profesionales con iniciativas para\u00a0 crear,\u00a0 poseedores\u00a0 de\u00a0 esp\u00edritu\u00a0 empresarial y con\u00a0 una formaci\u00f3n\u00a0 HUMAN\u00cdSTICA y T\u00c9CNICA completa y que les permita comprender que m\u00e1s all\u00e1 de la CIENCIA y de la\u00a0 T\u00c9CNICA\u00a0 est\u00e1n\u00a0 las\u00a0 PERSONAS\u00a0 con\u00a0 sus \u00a0 aptitudes y necesidades. Nos proponemos por sobre todos las cosas<\/strong><\/span><\/h3>\n<h3 style=\"text-align: center;\"><span style=\"color: #000000;\"><strong>\u201cHACERLOS PERSONAS DE BIEN\u201d<\/strong><\/span><\/h3>\n\n\n<p class=\"has-text-align-center\"><\/p>\n","protected":false},"excerpt":{"rendered":"<p>El objetivo de nuestra Instituci\u00f3n para nuestros alumnos: Nos proponemos educarlos para el ejercicio de su libertad,\u00a0 conocedores\u00a0 no\u00a0 s\u00f3lo\u00a0 de\u00a0 sus DERECHOS sino, tambi\u00e9n de sus OBLIGACIONES. Queremos formar Profesionales con iniciativas para\u00a0 crear,\u00a0 poseedores\u00a0 de\u00a0 esp\u00edritu\u00a0 empresarial y con\u00a0 una formaci\u00f3n\u00a0 HUMAN\u00cdSTICA y T\u00c9CNICA completa y que les permita comprender que m\u00e1s all\u00e1 [&hellip;]<\/p>\n","protected":false},"author":2,"featured_media":0,"parent":0,"menu_order":0,"comment_status":"closed","ping_status":"closed","template":"","meta":{"footnotes":""},"class_list":["post-211","page","type-page","status-publish","hentry"],"_links":{"self":[{"href":"https:\/\/institutoandresbello.edu.ar\/bello\/wp-json\/wp\/v2\/pages\/211","targetHints":{"allow":["GET"]}}],"collection":[{"href":"https:\/\/institutoandresbello.edu.ar\/bello\/wp-json\/wp\/v2\/pages"}],"about":[{"href":"https:\/\/institutoandresbello.edu.ar\/bello\/wp-json\/wp\/v2\/types\/page"}],"author":[{"embeddable":true,"href":"https:\/\/institutoandresbello.edu.ar\/bello\/wp-json\/wp\/v2\/users\/2"}],"replies":[{"embeddable":true,"href":"https:\/\/institutoandresbello.edu.ar\/bello\/wp-json\/wp\/v2\/comments?post=211"}],"version-history":[{"count":5,"href":"https:\/\/institutoandresbello.edu.ar\/bello\/wp-json\/wp\/v2\/pages\/211\/revisions"}],"predecessor-version":[{"id":289,"href":"https:\/\/institutoandresbello.edu.ar\/bello\/wp-json\/wp\/v2\/pages\/211\/revisions\/289"}],"wp:attachment":[{"href":"https:\/\/institutoandresbello.edu.ar\/bello\/wp-json\/wp\/v2\/media?parent=211"}],"curies":[{"name":"wp","href":"https:\/\/api.w.org\/{rel}","templated":true}]}}