{"id":440,"date":"2022-12-26T18:39:27","date_gmt":"2022-12-26T18:39:27","guid":{"rendered":"https:\/\/institutoandresbello.edu.ar\/bello\/?page_id=440"},"modified":"2024-11-25T16:01:35","modified_gmt":"2024-11-25T16:01:35","slug":"preinscripcion","status":"publish","type":"page","link":"https:\/\/institutoandresbello.edu.ar\/bello\/preinscripcion\/","title":{"rendered":"Preinscripci\u00f3n 2025"},"content":{"rendered":"<div class=\"ahS2Le\">\n<div class=\"F9yp7e ikZYwf LgNcQe\" dir=\"auto\" role=\"heading\" aria-level=\"1\"><span style=\"color: #000000;\">Formulario Preinscripci\u00f3n a Tecnicaturas<\/span><\/div>\n<\/div>\n<div class=\"cBGGJ OIC90c\" dir=\"auto\"><span style=\"color: #000000;\">REQUISITOS PARA INSCRIPCI\u00d3N DEFINITIVA:<\/span><\/p>\n<div><span style=\"color: #000000;\">&#8211; Fotocopia del T\u00edtulo Secundario autenticado<\/span><\/div>\n<div><span style=\"color: #000000;\">&#8211; Fotocopia del DNI<\/span><\/div>\n<div><span style=\"color: #000000;\">&#8211; Partida o acta de nacimiento<\/span><\/div>\n<div><span style=\"color: #000000;\">&#8211; 2 fotos tipo carnet<\/span><\/div>\n<div><span style=\"color: #000000;\">&#8211; Formulario Psicof\u00edsico (el formulario se har\u00e1 entrega al alumno al momento de la inscripci\u00f3n)<\/span><\/div>\n<div><span style=\"color: #000000;\">La Inscripci\u00f3n se confirma en Av Sarmiento 760, Salta.&nbsp;<\/span><\/div>\n<\/div>\n\n\n<div class=\"wp-block-group\"><div class=\"wp-block-group__inner-container is-layout-constrained wp-block-group-is-layout-constrained\">\n<div class=\"wp-block-columns is-layout-flex wp-container-core-columns-is-layout-9d6595d7 wp-block-columns-is-layout-flex\">\n<div class=\"wp-block-column is-layout-flow wp-block-column-is-layout-flow\" style=\"flex-basis:100%\">\nhttps:\/\/docs.google.com\/forms\/d\/e\/1FAIpQLSdq_EbOnsNtx7MXPDIQOF2zfkoaQsoOjsqaU8i3WRgPhOlm7A\/viewform\n<\/div>\n<\/div>\n<\/div><\/div>\n","protected":false},"excerpt":{"rendered":"<p>Formulario Preinscripci\u00f3n a Tecnicaturas REQUISITOS PARA INSCRIPCI\u00d3N DEFINITIVA: &#8211; Fotocopia del T\u00edtulo Secundario autenticado &#8211; Fotocopia del DNI &#8211; Partida o acta de nacimiento &#8211; 2 fotos tipo carnet &#8211; Formulario Psicof\u00edsico (el formulario se har\u00e1 entrega al alumno al momento de la inscripci\u00f3n) La Inscripci\u00f3n se confirma en Av Sarmiento 760, Salta.&nbsp; https:\/\/docs.google.com\/forms\/d\/e\/1FAIpQLSdq_EbOnsNtx7MXPDIQOF2zfkoaQsoOjsqaU8i3WRgPhOlm7A\/viewform<\/p>\n","protected":false},"author":2,"featured_media":0,"parent":0,"menu_order":0,"comment_status":"closed","ping_status":"closed","template":"","meta":{"footnotes":""},"class_list":["post-440","page","type-page","status-publish","hentry"],"_links":{"self":[{"href":"https:\/\/institutoandresbello.edu.ar\/bello\/wp-json\/wp\/v2\/pages\/440","targetHints":{"allow":["GET"]}}],"collection":[{"href":"https:\/\/institutoandresbello.edu.ar\/bello\/wp-json\/wp\/v2\/pages"}],"about":[{"href":"https:\/\/institutoandresbello.edu.ar\/bello\/wp-json\/wp\/v2\/types\/page"}],"author":[{"embeddable":true,"href":"https:\/\/institutoandresbello.edu.ar\/bello\/wp-json\/wp\/v2\/users\/2"}],"replies":[{"embeddable":true,"href":"https:\/\/institutoandresbello.edu.ar\/bello\/wp-json\/wp\/v2\/comments?post=440"}],"version-history":[{"count":10,"href":"https:\/\/institutoandresbello.edu.ar\/bello\/wp-json\/wp\/v2\/pages\/440\/revisions"}],"predecessor-version":[{"id":633,"href":"https:\/\/institutoandresbello.edu.ar\/bello\/wp-json\/wp\/v2\/pages\/440\/revisions\/633"}],"wp:attachment":[{"href":"https:\/\/institutoandresbello.edu.ar\/bello\/wp-json\/wp\/v2\/media?parent=440"}],"curies":[{"name":"wp","href":"https:\/\/api.w.org\/{rel}","templated":true}]}}