{"id":583,"date":"2024-07-15T16:03:39","date_gmt":"2024-07-15T16:03:39","guid":{"rendered":"https:\/\/institutoandresbello.edu.ar\/bello\/?page_id=583"},"modified":"2024-07-15T16:10:57","modified_gmt":"2024-07-15T16:10:57","slug":"convenios","status":"publish","type":"page","link":"https:\/\/institutoandresbello.edu.ar\/bello\/convenios\/","title":{"rendered":"Convenios"},"content":{"rendered":"\n<p>\u00a1SEGUIMOS APOSTANDO A LA PROFESIONALIZACI\u00d3N Y AL TRABAJO!<br>Hoy, 19 de marzo, la Rectora del Instituto Superior Andr\u00e9s Bello, Lic. Teresa Barrios, se reuni\u00f3n con el Secretario General de la Confederaci\u00f3n General del Trabajo (CGT) de la Provincia de Salta, Carlos Rodas, para la celebraci\u00f3n de un importante convenio.<br>Gracias a este acuerdo, los afiliados a los 71 gremios asociados a la Confederaci\u00f3n -y sus familiares- podr\u00e1n acceder a nuestras carreras y capacitaciones a un valor diferencial.<br>Sentimos un gran orgullo por poder seguir aportando al crecimiento de nuestra amada provincia y agradecemos profundamente la confianza que esta hist\u00f3rica y prestigiosa Organizaci\u00f3n deposit\u00f3 en nuestra labor educativa.<br>Creemos en el progreso. Creemos en el trabajo. Creemos en los salte\u00f1os.<br>Apostamos al futuro.<\/p>\n\n\n\n<figure class=\"wp-block-image size-large\"><a href=\"https:\/\/institutoandresbello.edu.ar\/bello\/wp-content\/uploads\/2024\/07\/WhatsApp-Image-2024-07-15-at-13.06.44.jpeg\"><img loading=\"lazy\" decoding=\"async\" width=\"1024\" height=\"627\" src=\"https:\/\/institutoandresbello.edu.ar\/bello\/wp-content\/uploads\/2024\/07\/WhatsApp-Image-2024-07-15-at-13.06.44-1024x627.jpeg\" alt=\"\" class=\"wp-image-587\" srcset=\"https:\/\/institutoandresbello.edu.ar\/bello\/wp-content\/uploads\/2024\/07\/WhatsApp-Image-2024-07-15-at-13.06.44-1024x627.jpeg 1024w, https:\/\/institutoandresbello.edu.ar\/bello\/wp-content\/uploads\/2024\/07\/WhatsApp-Image-2024-07-15-at-13.06.44-300x184.jpeg 300w, https:\/\/institutoandresbello.edu.ar\/bello\/wp-content\/uploads\/2024\/07\/WhatsApp-Image-2024-07-15-at-13.06.44-768x470.jpeg 768w, https:\/\/institutoandresbello.edu.ar\/bello\/wp-content\/uploads\/2024\/07\/WhatsApp-Image-2024-07-15-at-13.06.44.jpeg 1080w\" sizes=\"auto, (max-width: 1024px) 100vw, 1024px\" \/><\/a><\/figure>\n\n\n\n<figure class=\"wp-block-image size-large\"><a href=\"https:\/\/institutoandresbello.edu.ar\/bello\/wp-content\/uploads\/2024\/07\/WhatsApp-Image-2024-07-15-at-13.06.45.jpeg\"><img loading=\"lazy\" decoding=\"async\" width=\"1024\" height=\"569\" src=\"https:\/\/institutoandresbello.edu.ar\/bello\/wp-content\/uploads\/2024\/07\/WhatsApp-Image-2024-07-15-at-13.06.45-1024x569.jpeg\" alt=\"\" class=\"wp-image-589\" srcset=\"https:\/\/institutoandresbello.edu.ar\/bello\/wp-content\/uploads\/2024\/07\/WhatsApp-Image-2024-07-15-at-13.06.45-1024x569.jpeg 1024w, https:\/\/institutoandresbello.edu.ar\/bello\/wp-content\/uploads\/2024\/07\/WhatsApp-Image-2024-07-15-at-13.06.45-300x167.jpeg 300w, https:\/\/institutoandresbello.edu.ar\/bello\/wp-content\/uploads\/2024\/07\/WhatsApp-Image-2024-07-15-at-13.06.45-768x427.jpeg 768w, https:\/\/institutoandresbello.edu.ar\/bello\/wp-content\/uploads\/2024\/07\/WhatsApp-Image-2024-07-15-at-13.06.45.jpeg 1080w\" sizes=\"auto, (max-width: 1024px) 100vw, 1024px\" \/><\/a><\/figure>\n\n\n\n<p>FORTALECIENDO LAZOS<\/p>\n\n\n\n<p>La Rectora del Instituto Superior Andr\u00e9s Bello, Lic. Teresa Liliana Barrios, se reuni\u00f3 ayer 1 de marzo con la Secretaria General de APUNSA, Cra. Stella Mimessi, para celebrar la ratificaci\u00f3n del convenio que permitir\u00e1 a sus afiliados beneficiarse del cursado de nuestras tecnicaturas a un valor diferencial.<br>Nos alegra profundamente poder aportar a la sociedad salte\u00f1a desde nuestro lugar y agradecemos mucho que la Comisi\u00f3n Directiva de APUNSA conf\u00ede en nuestros profesionales para la formaci\u00f3n de los trabajadores universitarios.<br>Juntos, somos m\u00e1s y somos mejores.<\/p>\n\n\n\n<figure class=\"wp-block-image size-full\"><a href=\"https:\/\/institutoandresbello.edu.ar\/bello\/wp-content\/uploads\/2024\/07\/WhatsApp-Image-2024-07-15-at-13.06.46.jpeg\"><img loading=\"lazy\" decoding=\"async\" width=\"754\" height=\"754\" src=\"https:\/\/institutoandresbello.edu.ar\/bello\/wp-content\/uploads\/2024\/07\/WhatsApp-Image-2024-07-15-at-13.06.46.jpeg\" alt=\"\" class=\"wp-image-590\" srcset=\"https:\/\/institutoandresbello.edu.ar\/bello\/wp-content\/uploads\/2024\/07\/WhatsApp-Image-2024-07-15-at-13.06.46.jpeg 754w, https:\/\/institutoandresbello.edu.ar\/bello\/wp-content\/uploads\/2024\/07\/WhatsApp-Image-2024-07-15-at-13.06.46-300x300.jpeg 300w, https:\/\/institutoandresbello.edu.ar\/bello\/wp-content\/uploads\/2024\/07\/WhatsApp-Image-2024-07-15-at-13.06.46-150x150.jpeg 150w, https:\/\/institutoandresbello.edu.ar\/bello\/wp-content\/uploads\/2024\/07\/WhatsApp-Image-2024-07-15-at-13.06.46-500x500.jpeg 500w\" sizes=\"auto, (max-width: 754px) 100vw, 754px\" \/><\/a><\/figure>\n","protected":false},"excerpt":{"rendered":"<p>\u00a1SEGUIMOS APOSTANDO A LA PROFESIONALIZACI\u00d3N Y AL TRABAJO!Hoy, 19 de marzo, la Rectora del Instituto Superior Andr\u00e9s Bello, Lic. Teresa Barrios, se reuni\u00f3n con el Secretario General de la Confederaci\u00f3n General del Trabajo (CGT) de la Provincia de Salta, Carlos Rodas, para la celebraci\u00f3n de un importante convenio.Gracias a este acuerdo, los afiliados a los [&hellip;]<\/p>\n","protected":false},"author":2,"featured_media":0,"parent":0,"menu_order":0,"comment_status":"closed","ping_status":"closed","template":"","meta":{"footnotes":""},"class_list":["post-583","page","type-page","status-publish","hentry"],"_links":{"self":[{"href":"https:\/\/institutoandresbello.edu.ar\/bello\/wp-json\/wp\/v2\/pages\/583","targetHints":{"allow":["GET"]}}],"collection":[{"href":"https:\/\/institutoandresbello.edu.ar\/bello\/wp-json\/wp\/v2\/pages"}],"about":[{"href":"https:\/\/institutoandresbello.edu.ar\/bello\/wp-json\/wp\/v2\/types\/page"}],"author":[{"embeddable":true,"href":"https:\/\/institutoandresbello.edu.ar\/bello\/wp-json\/wp\/v2\/users\/2"}],"replies":[{"embeddable":true,"href":"https:\/\/institutoandresbello.edu.ar\/bello\/wp-json\/wp\/v2\/comments?post=583"}],"version-history":[{"count":2,"href":"https:\/\/institutoandresbello.edu.ar\/bello\/wp-json\/wp\/v2\/pages\/583\/revisions"}],"predecessor-version":[{"id":591,"href":"https:\/\/institutoandresbello.edu.ar\/bello\/wp-json\/wp\/v2\/pages\/583\/revisions\/591"}],"wp:attachment":[{"href":"https:\/\/institutoandresbello.edu.ar\/bello\/wp-json\/wp\/v2\/media?parent=583"}],"curies":[{"name":"wp","href":"https:\/\/api.w.org\/{rel}","templated":true}]}}